{"id":10,"date":"2015-04-29T23:10:42","date_gmt":"2015-04-30T02:10:42","guid":{"rendered":"http:\/\/euroadventure.com.br\/?page_id=10"},"modified":"2015-04-29T23:10:42","modified_gmt":"2015-04-30T02:10:42","slug":"o-que-levar","status":"publish","type":"page","link":"http:\/\/www.euroadventure.com.br\/?page_id=10","title":{"rendered":"O que Levar!"},"content":{"rendered":"<ul>\n<li>Geral<\/li>\n<li>GPS<\/li>\n<li>Atlas Rodovi\u00e1rio Quatro Rodas<\/li>\n<li>\u20ac 1000,00 para trocar por moeda local<\/li>\n<li>Cart\u00e3o de cr\u00e9dito internacional<\/li>\n<li>Carteira de habilita\u00e7\u00e3o (ATEN\u00c7\u00c3O PARA DATA DE VALIDADE)<\/li>\n<li>Documento de identidade<\/li>\n<li>Carteira Internacional de Habilita\u00e7\u00e3o tirada no DETRAN<\/li>\n<li>Passaporte<\/li>\n<li>C\u00e2mera fotogr\u00e1fica, Um trip\u00e9 pequeno para ajudar a tirar boas fotos, Pilhas recarreg\u00e1veis e carregador<\/li>\n<li>Celular e carregador<\/li>\n<li>Protetor solar para passar no rosto<\/li>\n<li>Manteiga de cacau, pois o frio resseca os l\u00e1bios<\/li>\n<li>Alguns rem\u00e9dios, tais como comprimidos para dor de cabe\u00e7a; azia; antit\u00e9rmico e relaxante muscular<\/li>\n<li>Roupas: cerca de 6 camisetas ,uma cal\u00e7a jeans, uma calca esportiva , 3 cuecas, 2 pares de meias, um par de t\u00eanis, um chinelo e 1 shorts (Todas dentro de sacos para evitar que a chuva molhe)<\/li>\n<li>Kit para o frio: 1 camisetas de manga comprida, uma blusa de l\u00e3, um meia impermeavel grossa , uma cal\u00e7a tipo segunda pele (para por debaixo da cal\u00e7a)<\/li>\n<li>Uma toalha<\/li>\n<li>Protetor de coluna<\/li>\n<li>Cintas<\/li>\n<li>Polaina para proteger a bota da chuva<\/li>\n<li>Um ivanho\u00e9 de l\u00e3 para proteger o rosto e pesco\u00e7o do frio<\/li>\n<li>Roupa b\u00e1sica para viagem<\/li>\n<li>Capacete multitec<\/li>\n<li>Jaqueta e cal\u00e7a de couro ou cordura<\/li>\n<li>Um par de botas cano longo<\/li>\n<li>Um de luvas fechadas impermeavel<\/li>\n<li>\u00d3culos escuros (fundamental quando se viajar contra o sol)<\/li>\n<li>Roupa imperme\u00e1vel para chuva (muito importante)<\/li>\n<li>Um par de luvas pl\u00e1sticas (cir\u00fargicas ou p\/ lavar lou\u00e7a, importante para usar por baixo da luva normal em dias de chuva para evitar o frio)<\/li>\n<li>Alguns sacos pl\u00e1sticos para colocar nos p\u00e9s em dias de chuva, ou voc\u00ea pode enrolar rolopack na bota que tamb\u00e9m \u00e9 eficiente<\/li>\n<li>Papel higi\u00eanico<\/li>\n<li>Saboneto<\/li>\n<li>Shampoo<\/li>\n<li>Pasta de dente<\/li>\n<li>Conjunto de lentes de contato (se for o caso) e Sorine<\/li>\n<li>Repelente<\/li>\n<\/ul>\n","protected":false},"excerpt":{"rendered":"<p>Geral GPS Atlas Rodovi\u00e1rio Quatro Rodas \u20ac 1000,00 para trocar por moeda local Cart\u00e3o de cr\u00e9dito internacional Carteira de habilita\u00e7\u00e3o (ATEN\u00c7\u00c3O PARA DATA DE VALIDADE) Documento de identidade Carteira Internacional de Habilita\u00e7\u00e3o tirada no DETRAN Passaporte C\u00e2mera fotogr\u00e1fica, Um trip\u00e9 pequeno para ajudar a tirar boas fotos, Pilhas recarreg\u00e1veis e carregador Celular e carregador Protetor &hellip; <a href=\"http:\/\/www.euroadventure.com.br\/?page_id=10\" class=\"more-link\">Continue lendo <span class=\"screen-reader-text\">O que Levar!<\/span> <span class=\"meta-nav\">&rarr;<\/span><\/a><\/p>\n","protected":false},"author":2,"featured_media":0,"parent":0,"menu_order":0,"comment_status":"open","ping_status":"closed","template":"","meta":{"footnotes":""},"class_list":["post-10","page","type-page","status-publish","hentry"],"_links":{"self":[{"href":"http:\/\/www.euroadventure.com.br\/index.php?rest_route=\/wp\/v2\/pages\/10","targetHints":{"allow":["GET"]}}],"collection":[{"href":"http:\/\/www.euroadventure.com.br\/index.php?rest_route=\/wp\/v2\/pages"}],"about":[{"href":"http:\/\/www.euroadventure.com.br\/index.php?rest_route=\/wp\/v2\/types\/page"}],"author":[{"embeddable":true,"href":"http:\/\/www.euroadventure.com.br\/index.php?rest_route=\/wp\/v2\/users\/2"}],"replies":[{"embeddable":true,"href":"http:\/\/www.euroadventure.com.br\/index.php?rest_route=%2Fwp%2Fv2%2Fcomments&post=10"}],"version-history":[{"count":0,"href":"http:\/\/www.euroadventure.com.br\/index.php?rest_route=\/wp\/v2\/pages\/10\/revisions"}],"wp:attachment":[{"href":"http:\/\/www.euroadventure.com.br\/index.php?rest_route=%2Fwp%2Fv2%2Fmedia&parent=10"}],"curies":[{"name":"wp","href":"https:\/\/api.w.org\/{rel}","templated":true}]}}